{"id":41,"date":"2024-02-19T19:53:07","date_gmt":"2024-02-19T22:53:07","guid":{"rendered":"https:\/\/www.eduprotic.cl\/wordpress\/?page_id=41"},"modified":"2024-09-03T10:43:25","modified_gmt":"2024-09-03T13:43:25","slug":"cmi-escolar-sistema-de-gestion-educativa","status":"publish","type":"page","link":"https:\/\/www.eduprotic.cl\/wordpress\/cmi-escolar-sistema-de-gestion-educativa\/","title":{"rendered":"CMI Escolar"},"content":{"rendered":"<div class=\"wpb-content-wrapper\"><p>[vc_row][vc_column][vc_column_text]<\/p>\n<h2>Sistema de Gesti\u00f3n Educativa<\/h2>\n<p>[\/vc_column_text][\/vc_column][\/vc_row][vc_row][vc_column][vc_column_text]<img loading=\"lazy\" decoding=\"async\" class=\"aligncenter wp-image-577 size-medium\" src=\"https:\/\/www.eduprotic.cl\/wordpress\/wp-content\/uploads\/2024\/09\/Logo-2024_2-300x300.png\" alt=\"\" width=\"300\" height=\"300\" srcset=\"https:\/\/www.eduprotic.cl\/wordpress\/wp-content\/uploads\/2024\/09\/Logo-2024_2-300x300.png 300w, https:\/\/www.eduprotic.cl\/wordpress\/wp-content\/uploads\/2024\/09\/Logo-2024_2-150x150.png 150w, https:\/\/www.eduprotic.cl\/wordpress\/wp-content\/uploads\/2024\/09\/Logo-2024_2-80x80.png 80w, https:\/\/www.eduprotic.cl\/wordpress\/wp-content\/uploads\/2024\/09\/Logo-2024_2-560x560.png 560w, https:\/\/www.eduprotic.cl\/wordpress\/wp-content\/uploads\/2024\/09\/Logo-2024_2.png 600w\" sizes=\"auto, (max-width: 300px) 100vw, 300px\" \/><\/p>\n<p style=\"text-align: justify;\"><a href=\"https:\/\/www.cmiescolar.cl\/\">CMI Escolar<\/a> es una plataforma de gesti\u00f3n escolar basada en el modelo <strong><i>Balanced Scorecard<\/i><\/strong>, que permite tener una visi\u00f3n global, y en tiempo real, de los indicadores de una o varias escuelas, en sus resultados y metas.<\/p>\n<p style=\"text-align: justify;\">Es un sistema web <strong>robusto y actualizado<\/strong> constantemente a partir de la retroalimentaci\u00f3n de los usuarios que lo utilizan. De manera m\u00e1s concreta, este sistema logra integrar en una misma plataforma la <strong>gesti\u00f3n escolar<\/strong> (calificaciones, observaciones, asistencia y otros), todo el <strong>proceso del PME SEP<\/strong> (Diagn\u00f3stico, planificaci\u00f3n, monitoreo, evaluaci\u00f3n y rendici\u00f3n del PME),<strong> Inventario de bienes y consumibles<\/strong> (Generando c\u00f3digos de barras, QR y control de stock), <strong>BliblioCRA <\/strong>con la administraci\u00f3n de libros y material para alumnos y profesores (Generando c\u00f3digo de barras a los libros), <strong>acompa\u00f1amiento de los estudiantes<\/strong>, acompa\u00f1amiento de los docentes, creaci\u00f3n, monitoreo y seguimiento de las planificaci\u00f3n de las clases, funcionalidad para la creaci\u00f3n, invitaci\u00f3n, realizaci\u00f3n y <strong>seguimiento de reuniones<\/strong> y acuerdo.<\/p>\n<p style=\"text-align: justify;\">Adem\u00e1s se ha incorporado el concepto de &#8220;<strong>ecosistema<\/strong>&#8220;, en donde CMI pasa a ser una plataforma que integra y vincula a los usuarios con otras plataformas que ofreces otros servicios dentro de nuestra propuesta de valor, como lo son OFIWEB, TICTEST, LEGERE y MEJORANDO JUNTOS.<\/p>\n<p style=\"text-align: justify;\">Cada usuario posee un perfil desde donde gestiona las opciones que le brinda la plataforma seg\u00fan su acceso y donde encuentra documentos, mensajes, notificaciones, calendario, etc.<\/p>\n<p style=\"text-align: justify;\"><strong>Caracter\u00edsticas:<\/strong><\/p>\n<ul>\n<li style=\"text-align: justify;\"><em><strong>Visi\u00f3n estrat\u00e9gica:<\/strong> <\/em>Desde su p\u00e1gina inicial permite tener una vista consolidada de datos procesados que ayudan a la toma de desiciones a control, mediano y largo plazo.<\/li>\n<li style=\"text-align: justify;\"><em><strong>Integraci\u00f3n de plataformas:<\/strong> <\/em>Desde CMI se puede tener acceso a otras plataformas que se encuentren disponibles para la instituci\u00f3n, facilitando un ecosistema web que desde un \u00fanico lugar se pueda acceder a cada una de ellas.<\/li>\n<li style=\"text-align: justify;\"><em><strong>Gesti\u00f3n de procesos: <\/strong><\/em>Facilitamos la implementaci\u00f3n de procesos de gesti\u00f3n escolar, y los datos asociados al monitoreo y seguimiento de estos.<\/li>\n<li style=\"text-align: justify;\"><em><strong>Acompa\u00f1amiento de personas:<\/strong><\/em> Informaci\u00f3n sobre entrevistas y procesos de acompa\u00f1amiento de estudiantes, apoderados y personal de la instituci\u00f3n.<\/li>\n<li style=\"text-align: justify;\"><em><strong>Usabilidad: <\/strong><\/em>Plataforma centrada en el usuario.<\/li>\n<li style=\"text-align: justify;\"><em><strong>Seguridad:<\/strong><\/em> Optimizaci\u00f3n de hardware y software para brindar mayores est\u00e1ndares de seguridad.<\/li>\n<li style=\"text-align: justify;\"><em><strong>Perfiles personalizables:<\/strong><\/em> Existen m\u00e1s de 20 perfiles establecidos y adem\u00e1s cada instituci\u00f3n puede personalizar perfiles para ajustar seg\u00fan necesidades.<\/li>\n<\/ul>\n<p>&nbsp;<\/p>\n<h3 style=\"text-align: center;\"><a href=\"https:\/\/www.cmiescolar.cl\/\"><strong>www.cmiescolar.cl<\/strong><\/a><\/h3>\n<p>&nbsp;<\/p>\n<h2><strong>Vistas<\/strong><\/h2>\n<p><strong>Inicio Directivo.<\/strong><\/p>\n<p><strong><img loading=\"lazy\" decoding=\"async\" class=\"aligncenter wp-image-357 size-full\" src=\"https:\/\/www.eduprotic.cl\/wordpress\/wp-content\/uploads\/2024\/04\/Inicio-1024x625-1.png\" alt=\"\" width=\"1024\" height=\"625\" srcset=\"https:\/\/www.eduprotic.cl\/wordpress\/wp-content\/uploads\/2024\/04\/Inicio-1024x625-1.png 1024w, https:\/\/www.eduprotic.cl\/wordpress\/wp-content\/uploads\/2024\/04\/Inicio-1024x625-1-300x183.png 300w, https:\/\/www.eduprotic.cl\/wordpress\/wp-content\/uploads\/2024\/04\/Inicio-1024x625-1-768x469.png 768w\" sizes=\"auto, (max-width: 1024px) 100vw, 1024px\" \/><\/strong><\/p>\n<p>&nbsp;<\/p>\n<p><strong>Inicio del profesor Jefe.<\/strong><\/p>\n<p><strong><img loading=\"lazy\" decoding=\"async\" class=\"aligncenter wp-image-358 size-full\" src=\"https:\/\/www.eduprotic.cl\/wordpress\/wp-content\/uploads\/2024\/04\/Captura-de-Pantalla-2021-04-04-a-las-21.38.28-1024x609-1.png\" alt=\"\" width=\"1024\" height=\"609\" srcset=\"https:\/\/www.eduprotic.cl\/wordpress\/wp-content\/uploads\/2024\/04\/Captura-de-Pantalla-2021-04-04-a-las-21.38.28-1024x609-1.png 1024w, https:\/\/www.eduprotic.cl\/wordpress\/wp-content\/uploads\/2024\/04\/Captura-de-Pantalla-2021-04-04-a-las-21.38.28-1024x609-1-300x178.png 300w, https:\/\/www.eduprotic.cl\/wordpress\/wp-content\/uploads\/2024\/04\/Captura-de-Pantalla-2021-04-04-a-las-21.38.28-1024x609-1-768x457.png 768w\" sizes=\"auto, (max-width: 1024px) 100vw, 1024px\" \/><\/strong><\/p>\n<p>&nbsp;<\/p>\n<p><strong>Vista del libro de clases digital.<\/strong><\/p>\n<p><strong><img loading=\"lazy\" decoding=\"async\" class=\"aligncenter wp-image-359 size-full\" src=\"https:\/\/www.eduprotic.cl\/wordpress\/wp-content\/uploads\/2024\/04\/Captura-de-Pantalla-2021-04-04-a-las-21.39.15-1024x518-1.png\" alt=\"\" width=\"1024\" height=\"518\" srcset=\"https:\/\/www.eduprotic.cl\/wordpress\/wp-content\/uploads\/2024\/04\/Captura-de-Pantalla-2021-04-04-a-las-21.39.15-1024x518-1.png 1024w, https:\/\/www.eduprotic.cl\/wordpress\/wp-content\/uploads\/2024\/04\/Captura-de-Pantalla-2021-04-04-a-las-21.39.15-1024x518-1-300x152.png 300w, https:\/\/www.eduprotic.cl\/wordpress\/wp-content\/uploads\/2024\/04\/Captura-de-Pantalla-2021-04-04-a-las-21.39.15-1024x518-1-768x389.png 768w\" sizes=\"auto, (max-width: 1024px) 100vw, 1024px\" \/><\/strong><\/p>\n<p>&nbsp;<\/p>\n<p><strong>Dashboard estudiante.<\/strong><\/p>\n<p><img loading=\"lazy\" decoding=\"async\" class=\"aligncenter wp-image-360 size-full\" src=\"https:\/\/www.eduprotic.cl\/wordpress\/wp-content\/uploads\/2024\/04\/Captura-de-Pantalla-2021-04-04-a-las-21.48.37-1024x683-1.png\" alt=\"\" width=\"1024\" height=\"683\" srcset=\"https:\/\/www.eduprotic.cl\/wordpress\/wp-content\/uploads\/2024\/04\/Captura-de-Pantalla-2021-04-04-a-las-21.48.37-1024x683-1.png 1024w, https:\/\/www.eduprotic.cl\/wordpress\/wp-content\/uploads\/2024\/04\/Captura-de-Pantalla-2021-04-04-a-las-21.48.37-1024x683-1-300x200.png 300w, https:\/\/www.eduprotic.cl\/wordpress\/wp-content\/uploads\/2024\/04\/Captura-de-Pantalla-2021-04-04-a-las-21.48.37-1024x683-1-768x512.png 768w\" sizes=\"auto, (max-width: 1024px) 100vw, 1024px\" \/>[\/vc_column_text][\/vc_column][\/vc_row]<\/p>\n<\/div>","protected":false},"excerpt":{"rendered":"<p>[vc_row][vc_column][vc_column_text] Sistema de Gesti\u00f3n Educativa [\/vc_column_text][\/vc_column][\/vc_row][vc_row][vc_column][vc_column_text] CMI Escolar es una plataforma de gesti\u00f3n escolar basada en el modelo Balanced Scorecard, que permite tener una visi\u00f3n global, y en tiempo real, de los indicadores de una o varias escuelas, en sus resultados y metas. Es un sistema web robusto y actualizado constantemente a partir de la [&hellip;]<\/p>\n","protected":false},"author":1,"featured_media":0,"parent":0,"menu_order":0,"comment_status":"closed","ping_status":"closed","template":"","meta":{"footnotes":""},"class_list":["post-41","page","type-page","status-publish","hentry"],"_links":{"self":[{"href":"https:\/\/www.eduprotic.cl\/wordpress\/wp-json\/wp\/v2\/pages\/41","targetHints":{"allow":["GET"]}}],"collection":[{"href":"https:\/\/www.eduprotic.cl\/wordpress\/wp-json\/wp\/v2\/pages"}],"about":[{"href":"https:\/\/www.eduprotic.cl\/wordpress\/wp-json\/wp\/v2\/types\/page"}],"author":[{"embeddable":true,"href":"https:\/\/www.eduprotic.cl\/wordpress\/wp-json\/wp\/v2\/users\/1"}],"replies":[{"embeddable":true,"href":"https:\/\/www.eduprotic.cl\/wordpress\/wp-json\/wp\/v2\/comments?post=41"}],"version-history":[{"count":6,"href":"https:\/\/www.eduprotic.cl\/wordpress\/wp-json\/wp\/v2\/pages\/41\/revisions"}],"predecessor-version":[{"id":578,"href":"https:\/\/www.eduprotic.cl\/wordpress\/wp-json\/wp\/v2\/pages\/41\/revisions\/578"}],"wp:attachment":[{"href":"https:\/\/www.eduprotic.cl\/wordpress\/wp-json\/wp\/v2\/media?parent=41"}],"curies":[{"name":"wp","href":"https:\/\/api.w.org\/{rel}","templated":true}]}}