{"id":44,"date":"2024-02-19T19:53:46","date_gmt":"2024-02-19T22:53:46","guid":{"rendered":"https:\/\/www.eduprotic.cl\/wordpress\/?page_id=44"},"modified":"2024-04-26T18:33:24","modified_gmt":"2024-04-26T21:33:24","slug":"legere-mide-la-comprension-y-velocidad-lectora","status":"publish","type":"page","link":"https:\/\/www.eduprotic.cl\/wordpress\/legere-mide-la-comprension-y-velocidad-lectora\/","title":{"rendered":"Legere"},"content":{"rendered":"<div class=\"wpb-content-wrapper\"><p>[vc_row][vc_column][vc_column_text]<\/p>\n<h2>Plataforma que permite la evaluaci\u00f3n del dominio lector.<\/h2>\n<p>[\/vc_column_text][\/vc_column][\/vc_row][vc_row][vc_column][vc_column_text]<\/p>\n<p class=\"p1\">LEGERE permite evaluar y\u00a0 monitorear el dominio lector de los estudiantes, pudiendo evaluar todas las veces que el colegio estime necesario durante el a\u00f1o, en base a pauta estandariza.<\/p>\n<p class=\"p1\">En la plataforma se puede evaluar y obtener informes de calidad lectora, velocidad lectora por alumno, estimaci\u00f3n de comprensi\u00f3n lectora y lectura y lenguaje oral. Teniendo informes por curso, nivel y establecimiento.<\/p>\n<p class=\"p1\">Tambi\u00e9n est\u00e1 disponible la opci\u00f3n de evaluar la producci\u00f3n de textos en base a una propuesta de la plataforma.<\/p>\n<div id=\"attachment_430\" style=\"width: 421px\" class=\"wp-caption aligncenter\"><img loading=\"lazy\" decoding=\"async\" aria-describedby=\"caption-attachment-430\" class=\"wp-image-430\" src=\"https:\/\/www.eduprotic.cl\/wordpress\/wp-content\/uploads\/2024\/04\/Legere_INF-235x300.png\" alt=\"\" width=\"411\" height=\"525\" srcset=\"https:\/\/www.eduprotic.cl\/wordpress\/wp-content\/uploads\/2024\/04\/Legere_INF-235x300.png 235w, https:\/\/www.eduprotic.cl\/wordpress\/wp-content\/uploads\/2024\/04\/Legere_INF-803x1024.png 803w, https:\/\/www.eduprotic.cl\/wordpress\/wp-content\/uploads\/2024\/04\/Legere_INF-768x979.png 768w, https:\/\/www.eduprotic.cl\/wordpress\/wp-content\/uploads\/2024\/04\/Legere_INF.png 976w\" sizes=\"auto, (max-width: 411px) 100vw, 411px\" \/><p id=\"caption-attachment-430\" class=\"wp-caption-text\">Informe de ejemplo dominio lector.<\/p><\/div>\n<p><img loading=\"lazy\" decoding=\"async\" class=\"alignnone wp-image-51 size-large\" src=\"https:\/\/www.eduprotic.cl\/wordpress\/wp-content\/uploads\/2024\/02\/Banner-Home-3-1024x576.png\" alt=\"\" width=\"1024\" height=\"576\" srcset=\"https:\/\/www.eduprotic.cl\/wordpress\/wp-content\/uploads\/2024\/02\/Banner-Home-3-1024x576.png 1024w, https:\/\/www.eduprotic.cl\/wordpress\/wp-content\/uploads\/2024\/02\/Banner-Home-3-300x169.png 300w, https:\/\/www.eduprotic.cl\/wordpress\/wp-content\/uploads\/2024\/02\/Banner-Home-3-768x432.png 768w, https:\/\/www.eduprotic.cl\/wordpress\/wp-content\/uploads\/2024\/02\/Banner-Home-3-1536x864.png 1536w, https:\/\/www.eduprotic.cl\/wordpress\/wp-content\/uploads\/2024\/02\/Banner-Home-3-320x180.png 320w\" sizes=\"auto, (max-width: 1024px) 100vw, 1024px\" \/>[\/vc_column_text][\/vc_column][\/vc_row]<\/p>\n<\/div>","protected":false},"excerpt":{"rendered":"<p>[vc_row][vc_column][vc_column_text] Plataforma que permite la evaluaci\u00f3n del dominio lector. [\/vc_column_text][\/vc_column][\/vc_row][vc_row][vc_column][vc_column_text] LEGERE permite evaluar y\u00a0 monitorear el dominio lector de los estudiantes, pudiendo evaluar todas las veces que el colegio estime necesario durante el a\u00f1o, en base a pauta estandariza. En la plataforma se puede evaluar y obtener informes de calidad lectora, velocidad lectora por alumno, [&hellip;]<\/p>\n","protected":false},"author":1,"featured_media":0,"parent":0,"menu_order":0,"comment_status":"closed","ping_status":"closed","template":"","meta":{"footnotes":""},"class_list":["post-44","page","type-page","status-publish","hentry"],"_links":{"self":[{"href":"https:\/\/www.eduprotic.cl\/wordpress\/wp-json\/wp\/v2\/pages\/44","targetHints":{"allow":["GET"]}}],"collection":[{"href":"https:\/\/www.eduprotic.cl\/wordpress\/wp-json\/wp\/v2\/pages"}],"about":[{"href":"https:\/\/www.eduprotic.cl\/wordpress\/wp-json\/wp\/v2\/types\/page"}],"author":[{"embeddable":true,"href":"https:\/\/www.eduprotic.cl\/wordpress\/wp-json\/wp\/v2\/users\/1"}],"replies":[{"embeddable":true,"href":"https:\/\/www.eduprotic.cl\/wordpress\/wp-json\/wp\/v2\/comments?post=44"}],"version-history":[{"count":10,"href":"https:\/\/www.eduprotic.cl\/wordpress\/wp-json\/wp\/v2\/pages\/44\/revisions"}],"predecessor-version":[{"id":433,"href":"https:\/\/www.eduprotic.cl\/wordpress\/wp-json\/wp\/v2\/pages\/44\/revisions\/433"}],"wp:attachment":[{"href":"https:\/\/www.eduprotic.cl\/wordpress\/wp-json\/wp\/v2\/media?parent=44"}],"curies":[{"name":"wp","href":"https:\/\/api.w.org\/{rel}","templated":true}]}}