{"id":57,"date":"2024-02-19T20:34:37","date_gmt":"2024-02-19T23:34:37","guid":{"rendered":"https:\/\/www.eduprotic.cl\/wordpress\/?page_id=57"},"modified":"2024-04-26T18:16:17","modified_gmt":"2024-04-26T21:16:17","slug":"dispositivos-para-firma-de-libro-de-clases-digital","status":"publish","type":"page","link":"https:\/\/www.eduprotic.cl\/wordpress\/dispositivos-para-firma-de-libro-de-clases-digital\/","title":{"rendered":"Dispositivos y recursos"},"content":{"rendered":"\n<p style=\"font-size:16px\">Tenemos a disposici\u00f3n como complemento de nuestros serviciso algunos dispositivos y recursos que permiten una mejor implementaci\u00f3n de nuestras plataformas.<\/p>\n\n\n<div class=\"wp-block-image\">\n<figure class=\"aligncenter size-full is-resized\"><img decoding=\"async\" src=\"https:\/\/www.eduprotic.cl\/wordpress\/wp-content\/uploads\/2024\/04\/DIGIPASS_2-e1713456258916.png\" alt=\"\" class=\"wp-image-300\" style=\"width:336px;height:auto\"\/><\/figure>\n<\/div>\n\n\n<p class=\"has-text-align-center\"><strong>DISPOSITIVOS PARA FIRMA DIGITAL<\/strong><br>No necesita de internet.<br>Es como los Digipass que utilizan los bancos.<br>Permite firmar el libro digital.<br>No requiere del uso del tel\u00e9fono celular personal de cada persona.<br>Posee una bater\u00eda de Litio, lo cual entrega una duraci\u00f3n de varios a\u00f1os.<\/p>\n\n\n\n<p><\/p>\n\n\n<div class=\"wp-block-image\">\n<figure class=\"aligncenter size-full is-resized\"><img loading=\"lazy\" decoding=\"async\" width=\"872\" height=\"870\" src=\"https:\/\/www.eduprotic.cl\/wordpress\/wp-content\/uploads\/2024\/04\/Impresora-E5.png\" alt=\"\" class=\"wp-image-402\" style=\"width:297px;height:auto\" srcset=\"https:\/\/www.eduprotic.cl\/wordpress\/wp-content\/uploads\/2024\/04\/Impresora-E5.png 872w, https:\/\/www.eduprotic.cl\/wordpress\/wp-content\/uploads\/2024\/04\/Impresora-E5-300x300.png 300w, https:\/\/www.eduprotic.cl\/wordpress\/wp-content\/uploads\/2024\/04\/Impresora-E5-150x150.png 150w, https:\/\/www.eduprotic.cl\/wordpress\/wp-content\/uploads\/2024\/04\/Impresora-E5-768x766.png 768w, https:\/\/www.eduprotic.cl\/wordpress\/wp-content\/uploads\/2024\/04\/Impresora-E5-80x80.png 80w, https:\/\/www.eduprotic.cl\/wordpress\/wp-content\/uploads\/2024\/04\/Impresora-E5-560x560.png 560w\" sizes=\"auto, (max-width: 872px) 100vw, 872px\" \/><\/figure>\n<\/div>\n\n\n<p class=\"has-text-align-center\"><strong>IMPRESORA 3D<\/strong><br>Impresora 3D creality\u00a0<br>8 horas de Implementaci\u00f3n<br>&#8211; Mantenci\u00f3n y uso impresora 3D nivel usuario<br>&#8211; Dise\u00f1o y modelado 3D<br>&#8211; Plan curricular para implementar en aula<br>&#8211; Construcci\u00f3n y creaci\u00f3n de productos<\/p>\n\n\n\n<p><\/p>\n\n\n<div class=\"wp-block-image\">\n<figure class=\"aligncenter size-full is-resized\"><img loading=\"lazy\" decoding=\"async\" width=\"433\" height=\"577\" src=\"https:\/\/www.eduprotic.cl\/wordpress\/wp-content\/uploads\/2024\/04\/IMP80mm.jpeg\" alt=\"\" class=\"wp-image-414\" style=\"width:233px;height:auto\" srcset=\"https:\/\/www.eduprotic.cl\/wordpress\/wp-content\/uploads\/2024\/04\/IMP80mm.jpeg 433w, https:\/\/www.eduprotic.cl\/wordpress\/wp-content\/uploads\/2024\/04\/IMP80mm-225x300.jpeg 225w\" sizes=\"auto, (max-width: 433px) 100vw, 433px\" \/><\/figure>\n<\/div>\n\n\n<p class=\"has-text-align-center\"><strong>PACK PARA REGISTRO DE ATRASOS.<\/strong><br>Impresora t\u00e9rmica de 80 mm<br>Lector de c\u00f3digo de barras<br>32 rollos de papel t\u00e9rmico de 80 mm<\/p>\n\n\n\n<p><\/p>\n\n\n<div class=\"wp-block-image\">\n<figure class=\"aligncenter size-large is-resized\"><img loading=\"lazy\" decoding=\"async\" width=\"576\" height=\"1024\" src=\"https:\/\/www.eduprotic.cl\/wordpress\/wp-content\/uploads\/2024\/04\/Etiqueyas1-2-576x1024.jpeg\" alt=\"\" class=\"wp-image-419\" style=\"width:251px;height:auto\" srcset=\"https:\/\/www.eduprotic.cl\/wordpress\/wp-content\/uploads\/2024\/04\/Etiqueyas1-2-576x1024.jpeg 576w, https:\/\/www.eduprotic.cl\/wordpress\/wp-content\/uploads\/2024\/04\/Etiqueyas1-2-169x300.jpeg 169w, https:\/\/www.eduprotic.cl\/wordpress\/wp-content\/uploads\/2024\/04\/Etiqueyas1-2-768x1365.jpeg 768w, https:\/\/www.eduprotic.cl\/wordpress\/wp-content\/uploads\/2024\/04\/Etiqueyas1-2-864x1536.jpeg 864w, https:\/\/www.eduprotic.cl\/wordpress\/wp-content\/uploads\/2024\/04\/Etiqueyas1-2.jpeg 900w\" sizes=\"auto, (max-width: 576px) 100vw, 576px\" \/><\/figure>\n<\/div>\n\n\n<p class=\"has-text-align-center\"><strong>PACK BIBLIOTECA Y\/O INVENTARIO<\/strong><br>Impresora de etiquetas de c\u00f3digo de barras y QR<br>Lector de c\u00f3digo de barras<br>6 Cintas de resina<br>10.000 Etiquetas de Polipropileno<\/p>\n\n\n\n<p><\/p>\n\n\n<div class=\"wp-block-image\">\n<figure class=\"aligncenter size-full is-resized\"><img loading=\"lazy\" decoding=\"async\" width=\"768\" height=\"1024\" src=\"https:\/\/www.eduprotic.cl\/wordpress\/wp-content\/uploads\/2024\/04\/Credencial.jpeg\" alt=\"\" class=\"wp-image-420\" style=\"width:258px;height:auto\" srcset=\"https:\/\/www.eduprotic.cl\/wordpress\/wp-content\/uploads\/2024\/04\/Credencial.jpeg 768w, https:\/\/www.eduprotic.cl\/wordpress\/wp-content\/uploads\/2024\/04\/Credencial-225x300.jpeg 225w\" sizes=\"auto, (max-width: 768px) 100vw, 768px\" \/><\/figure>\n<\/div>\n\n\n<p class=\"has-text-align-center\"><strong>CREDENCIALES<\/strong><br>Credencial de PVC impresa a 4 colores<br>Porta Credencial<br>Lanyard<br><\/p>\n","protected":false},"excerpt":{"rendered":"<p>Tenemos a disposici\u00f3n como complemento de nuestros serviciso algunos dispositivos y recursos que permiten una mejor implementaci\u00f3n de nuestras plataformas. DISPOSITIVOS PARA FIRMA DIGITALNo necesita de internet.Es como los Digipass que utilizan los bancos.Permite firmar el libro digital.No requiere del uso del tel\u00e9fono celular personal de cada persona.Posee una bater\u00eda de Litio, lo cual entrega [&hellip;]<\/p>\n","protected":false},"author":1,"featured_media":0,"parent":0,"menu_order":0,"comment_status":"closed","ping_status":"closed","template":"","meta":{"footnotes":""},"class_list":["post-57","page","type-page","status-publish","hentry"],"_links":{"self":[{"href":"https:\/\/www.eduprotic.cl\/wordpress\/wp-json\/wp\/v2\/pages\/57","targetHints":{"allow":["GET"]}}],"collection":[{"href":"https:\/\/www.eduprotic.cl\/wordpress\/wp-json\/wp\/v2\/pages"}],"about":[{"href":"https:\/\/www.eduprotic.cl\/wordpress\/wp-json\/wp\/v2\/types\/page"}],"author":[{"embeddable":true,"href":"https:\/\/www.eduprotic.cl\/wordpress\/wp-json\/wp\/v2\/users\/1"}],"replies":[{"embeddable":true,"href":"https:\/\/www.eduprotic.cl\/wordpress\/wp-json\/wp\/v2\/comments?post=57"}],"version-history":[{"count":13,"href":"https:\/\/www.eduprotic.cl\/wordpress\/wp-json\/wp\/v2\/pages\/57\/revisions"}],"predecessor-version":[{"id":424,"href":"https:\/\/www.eduprotic.cl\/wordpress\/wp-json\/wp\/v2\/pages\/57\/revisions\/424"}],"wp:attachment":[{"href":"https:\/\/www.eduprotic.cl\/wordpress\/wp-json\/wp\/v2\/media?parent=57"}],"curies":[{"name":"wp","href":"https:\/\/api.w.org\/{rel}","templated":true}]}}