{"id":725,"date":"2025-05-22T23:56:35","date_gmt":"2025-05-23T02:56:35","guid":{"rendered":"https:\/\/www.eduprotic.cl\/wordpress\/?page_id=725"},"modified":"2025-05-23T13:58:33","modified_gmt":"2025-05-23T16:58:33","slug":"tictest","status":"publish","type":"page","link":"https:\/\/www.eduprotic.cl\/wordpress\/tictest\/","title":{"rendered":"TICTEST"},"content":{"rendered":"\n<p class=\"has-text-align-center has-large-font-size\"><img loading=\"lazy\" decoding=\"async\" width=\"600\" height=\"338\" class=\"wp-image-726\" style=\"width: 600px;\" src=\"https:\/\/www.eduprotic.cl\/wordpress\/wp-content\/uploads\/2025\/05\/Tictest-Eduprotic.jpg\" alt=\"\" srcset=\"https:\/\/www.eduprotic.cl\/wordpress\/wp-content\/uploads\/2025\/05\/Tictest-Eduprotic.jpg 2240w, https:\/\/www.eduprotic.cl\/wordpress\/wp-content\/uploads\/2025\/05\/Tictest-Eduprotic-300x169.jpg 300w, https:\/\/www.eduprotic.cl\/wordpress\/wp-content\/uploads\/2025\/05\/Tictest-Eduprotic-1024x576.jpg 1024w, https:\/\/www.eduprotic.cl\/wordpress\/wp-content\/uploads\/2025\/05\/Tictest-Eduprotic-768x432.jpg 768w, https:\/\/www.eduprotic.cl\/wordpress\/wp-content\/uploads\/2025\/05\/Tictest-Eduprotic-1536x864.jpg 1536w, https:\/\/www.eduprotic.cl\/wordpress\/wp-content\/uploads\/2025\/05\/Tictest-Eduprotic-1170x658.jpg 1170w, https:\/\/www.eduprotic.cl\/wordpress\/wp-content\/uploads\/2025\/05\/Tictest-Eduprotic-560x315.jpg 560w, https:\/\/www.eduprotic.cl\/wordpress\/wp-content\/uploads\/2025\/05\/Tictest-Eduprotic-1920x1080.jpg 1920w\" sizes=\"auto, (max-width: 600px) 100vw, 600px\" \/><\/p>\n\n\n\n<p class=\"has-text-align-left has-large-font-size\"><strong>TICtest: La evaluaci\u00f3n adaptativa que transforma el modo de evaluar.<\/strong><\/p>\n\n\n\n<p><strong>TICtest<\/strong> es un sistema de evaluaciones digitales adaptativas que permite medir habilidades de manera personalizada, potenciando el aprendizaje seg\u00fan el desarrollo de cada estudiante. Gracias a un <strong>algoritmo din\u00e1mico<\/strong>, la plataforma ajusta la dificultad de las preguntas en tiempo real, generando pruebas \u00fanicas para cada estudiante y entregando <strong>informes detallados por alumno y por curso<\/strong>.<\/p>\n\n\n\n<p><strong>\u00bfQu\u00e9 lo hace innovador?<\/strong><\/p>\n\n\n\n<p>A diferencia de las pruebas tradicionales, <strong>TICtest<\/strong> se centra en el <strong>desempe\u00f1o de individual del estudiante<\/strong>, adapt\u00e1ndose seg\u00fan las respuestas de cada ni\u00f1o, ni\u00f1a o joven para ofrecer una evaluaci\u00f3n personalizada y contextualizada. Esta herramienta, disponible desde 1\u00b0 b\u00e1sico hasta 2\u00b0 medio, representa un gran avance hacia una educaci\u00f3n m\u00e1s inclusiva, centrada en el desarrollo de habilidades, y que permite tomar decisiones pedag\u00f3gicas m\u00e1s personalizadas.<\/p>\n\n\n\n<p><strong>\u00bfPor qu\u00e9 <strong>TICtest<\/strong> es una herramienta valiosa para la comunidad educativa?<\/strong><\/p>\n\n\n\n<p>Aqu\u00ed te compartimos <strong>10 razones<\/strong> que explican c\u00f3mo esta herramienta puede enriquecer el proceso educativo:<\/p>\n\n\n\n<ol start=\"1\" class=\"wp-block-list\">\n<li>Permite <strong>conocer el nivel de desarrollo de habilidades<\/strong> de cada estudiante.<\/li>\n\n\n\n<li>Se enfoca en el estudiante y <strong>hace referencia a los programas de estudio<\/strong> vigente.<\/li>\n\n\n\n<li><strong>Abarca desde 1\u00b0 b\u00e1sico hasta 2\u00b0 medio<\/strong>, en cuatro asignaturas clave: lenguaje, matem\u00e1tica, ciencias e historia.<\/li>\n\n\n\n<li>Es una <strong>evaluaci\u00f3n digital adaptativa<\/strong>: cada pregunta se ajusta al desempe\u00f1o del estudiante.<\/li>\n\n\n\n<li>Utiliza <strong>formato de selecci\u00f3n m\u00faltiple<\/strong>, facilitando su aplicaci\u00f3n y an\u00e1lisis.<\/li>\n\n\n\n<li>Est\u00e1 dise\u00f1ada para ofrecer <strong>informaci\u00f3n \u00fatil para decisiones pedag\u00f3gicas m\u00e1s personalizadas<\/strong>.<\/li>\n\n\n\n<li>Existen <strong>tantas pruebas como estudiantes<\/strong>: cada uno recibe una evaluaci\u00f3n \u00fanica a partir de sus respuestas.<\/li>\n\n\n\n<li>Una pregunta solo se responde una vez al a\u00f1o por estudiante.<\/li>\n\n\n\n<li><strong>La plataforma corrige autom\u00e1ticamente<\/strong> y entrega resultados al instante.<\/li>\n\n\n\n<li>Ofrece <strong>informes<\/strong> para planificar estrategias pedag\u00f3gicas para cada estudiante o para el curso.<\/li>\n<\/ol>\n\n\n\n<p><strong>\u00bfQuieres saber m\u00e1s?<\/strong><\/p>\n\n\n\n<p>Si deseas conocer m\u00e1s sobre c\u00f3mo implementar <strong>TICtest<\/strong> en tu comunidad educativa, escribe a:<br>\ud83d\udce9 <strong>contacto@eduprotic.cl<\/strong><\/p>\n\n\n\n<p>\u00a1Transformemos la forma de evaluar para mejorar la forma de aprender!<\/p>\n\n\n<div class=\"wp-block-image\">\n<figure class=\"aligncenter size-large is-resized\"><img loading=\"lazy\" decoding=\"async\" width=\"1024\" height=\"758\" src=\"https:\/\/www.eduprotic.cl\/wordpress\/wp-content\/uploads\/2025\/05\/ESTU-1024x758.png\" alt=\"\" class=\"wp-image-734\" style=\"width:742px;height:auto\" srcset=\"https:\/\/www.eduprotic.cl\/wordpress\/wp-content\/uploads\/2025\/05\/ESTU-1024x758.png 1024w, https:\/\/www.eduprotic.cl\/wordpress\/wp-content\/uploads\/2025\/05\/ESTU-300x222.png 300w, https:\/\/www.eduprotic.cl\/wordpress\/wp-content\/uploads\/2025\/05\/ESTU-768x568.png 768w, https:\/\/www.eduprotic.cl\/wordpress\/wp-content\/uploads\/2025\/05\/ESTU-1536x1137.png 1536w, https:\/\/www.eduprotic.cl\/wordpress\/wp-content\/uploads\/2025\/05\/ESTU.png 1784w\" sizes=\"auto, (max-width: 1024px) 100vw, 1024px\" \/><\/figure>\n<\/div>\n\n<div class=\"wp-block-image\">\n<figure class=\"aligncenter size-large is-resized\"><img loading=\"lazy\" decoding=\"async\" width=\"1024\" height=\"917\" src=\"https:\/\/www.eduprotic.cl\/wordpress\/wp-content\/uploads\/2025\/05\/Curso-1024x917.png\" alt=\"\" class=\"wp-image-735\" style=\"width:769px;height:auto\" srcset=\"https:\/\/www.eduprotic.cl\/wordpress\/wp-content\/uploads\/2025\/05\/Curso-1024x917.png 1024w, https:\/\/www.eduprotic.cl\/wordpress\/wp-content\/uploads\/2025\/05\/Curso-300x269.png 300w, https:\/\/www.eduprotic.cl\/wordpress\/wp-content\/uploads\/2025\/05\/Curso-768x688.png 768w, https:\/\/www.eduprotic.cl\/wordpress\/wp-content\/uploads\/2025\/05\/Curso-1536x1375.png 1536w, https:\/\/www.eduprotic.cl\/wordpress\/wp-content\/uploads\/2025\/05\/Curso.png 1588w\" sizes=\"auto, (max-width: 1024px) 100vw, 1024px\" \/><\/figure>\n<\/div>","protected":false},"excerpt":{"rendered":"<p>TICtest: La evaluaci\u00f3n adaptativa que transforma el modo de evaluar. TICtest es un sistema de evaluaciones digitales adaptativas que permite medir habilidades de manera personalizada, potenciando el aprendizaje seg\u00fan el desarrollo de cada estudiante. Gracias a un algoritmo din\u00e1mico, la plataforma ajusta la dificultad de las preguntas en tiempo real, generando pruebas \u00fanicas para cada [&hellip;]<\/p>\n","protected":false},"author":1,"featured_media":0,"parent":0,"menu_order":0,"comment_status":"closed","ping_status":"closed","template":"","meta":{"footnotes":""},"class_list":["post-725","page","type-page","status-publish","hentry"],"_links":{"self":[{"href":"https:\/\/www.eduprotic.cl\/wordpress\/wp-json\/wp\/v2\/pages\/725","targetHints":{"allow":["GET"]}}],"collection":[{"href":"https:\/\/www.eduprotic.cl\/wordpress\/wp-json\/wp\/v2\/pages"}],"about":[{"href":"https:\/\/www.eduprotic.cl\/wordpress\/wp-json\/wp\/v2\/types\/page"}],"author":[{"embeddable":true,"href":"https:\/\/www.eduprotic.cl\/wordpress\/wp-json\/wp\/v2\/users\/1"}],"replies":[{"embeddable":true,"href":"https:\/\/www.eduprotic.cl\/wordpress\/wp-json\/wp\/v2\/comments?post=725"}],"version-history":[{"count":5,"href":"https:\/\/www.eduprotic.cl\/wordpress\/wp-json\/wp\/v2\/pages\/725\/revisions"}],"predecessor-version":[{"id":738,"href":"https:\/\/www.eduprotic.cl\/wordpress\/wp-json\/wp\/v2\/pages\/725\/revisions\/738"}],"wp:attachment":[{"href":"https:\/\/www.eduprotic.cl\/wordpress\/wp-json\/wp\/v2\/media?parent=725"}],"curies":[{"name":"wp","href":"https:\/\/api.w.org\/{rel}","templated":true}]}}